{"id":303,"date":"2021-01-21T10:46:50","date_gmt":"2021-01-21T10:46:50","guid":{"rendered":"http:\/\/krakowskiezaduszkijazzowe.eu\/?page_id=303"},"modified":"2025-08-05T10:32:02","modified_gmt":"2025-08-05T10:32:02","slug":"historia-festiwalu","status":"publish","type":"page","link":"https:\/\/tmp.krakowskiezaduszkijazzowe.eu\/?page_id=303","title":{"rendered":"Historia festiwalu"},"content":{"rendered":"\t\t<div data-elementor-type=\"wp-page\" data-elementor-id=\"303\" class=\"elementor elementor-303\">\n\t\t\t\t\t\t<section class=\"elementor-section elementor-top-section elementor-element elementor-element-b5ff6d2 elementor-section-full_width elementor-section-height-min-height elementor-section-height-default elementor-section-items-middle\" data-id=\"b5ff6d2\" data-element_type=\"section\" data-settings=\"{&quot;background_background&quot;:&quot;classic&quot;}\">\n\t\t\t\t\t\t<div class=\"elementor-container elementor-column-gap-default\">\n\t\t\t\t\t<div class=\"elementor-column elementor-col-100 elementor-top-column elementor-element elementor-element-a4f0ffa\" data-id=\"a4f0ffa\" data-element_type=\"column\">\n\t\t\t<div class=\"elementor-widget-wrap elementor-element-populated\">\n\t\t\t\t\t\t<div class=\"elementor-element elementor-element-ea32b9f elementor-widget elementor-widget-spacer\" data-id=\"ea32b9f\" data-element_type=\"widget\" data-widget_type=\"spacer.default\">\n\t\t\t\t<div class=\"elementor-widget-container\">\n\t\t\t\t\t\t\t<div class=\"elementor-spacer\">\n\t\t\t<div class=\"elementor-spacer-inner\"><\/div>\n\t\t<\/div>\n\t\t\t\t\t\t<\/div>\n\t\t\t\t<\/div>\n\t\t\t\t<div class=\"elementor-element elementor-element-4ba6ea0 elementor-widget elementor-widget-heading\" data-id=\"4ba6ea0\" data-element_type=\"widget\" data-widget_type=\"heading.default\">\n\t\t\t\t<div class=\"elementor-widget-container\">\n\t\t\t\t\t<h1 class=\"elementor-heading-title elementor-size-xxl\">HISTORIA FESTIWALU<\/h1>\t\t\t\t<\/div>\n\t\t\t\t<\/div>\n\t\t\t\t<div class=\"elementor-element elementor-element-746f3fa elementor-widget elementor-widget-spacer\" data-id=\"746f3fa\" data-element_type=\"widget\" data-widget_type=\"spacer.default\">\n\t\t\t\t<div class=\"elementor-widget-container\">\n\t\t\t\t\t\t\t<div class=\"elementor-spacer\">\n\t\t\t<div class=\"elementor-spacer-inner\"><\/div>\n\t\t<\/div>\n\t\t\t\t\t\t<\/div>\n\t\t\t\t<\/div>\n\t\t\t\t\t<\/div>\n\t\t<\/div>\n\t\t\t\t\t<\/div>\n\t\t<\/section>\n\t\t\t\t<section class=\"elementor-section elementor-top-section elementor-element elementor-element-41ec3ac elementor-section-full_width elementor-section-height-default elementor-section-height-default\" data-id=\"41ec3ac\" data-element_type=\"section\">\n\t\t\t\t\t\t<div class=\"elementor-container elementor-column-gap-default\">\n\t\t\t\t\t<div class=\"elementor-column elementor-col-100 elementor-top-column elementor-element elementor-element-5aa7eb2\" data-id=\"5aa7eb2\" data-element_type=\"column\">\n\t\t\t<div class=\"elementor-widget-wrap elementor-element-populated\">\n\t\t\t\t\t\t<section class=\"elementor-section elementor-inner-section elementor-element elementor-element-46c4804 elementor-section-full_width elementor-section-height-default elementor-section-height-default\" data-id=\"46c4804\" data-element_type=\"section\">\n\t\t\t\t\t\t<div class=\"elementor-container elementor-column-gap-default\">\n\t\t\t\t\t<div class=\"elementor-column elementor-col-33 elementor-inner-column elementor-element elementor-element-3cf1cc3\" data-id=\"3cf1cc3\" data-element_type=\"column\" data-settings=\"{&quot;background_background&quot;:&quot;slideshow&quot;,&quot;background_slideshow_gallery&quot;:[{&quot;id&quot;:318,&quot;url&quot;:&quot;http:\\\/\\\/krakowskiezaduszkijazzowe.eu\\\/wp-content\\\/uploads\\\/2021\\\/01\\\/AdobeStock_212227041-scaled.jpeg&quot;}],&quot;background_slideshow_slide_duration&quot;:5000,&quot;background_slideshow_slide_transition&quot;:&quot;fade&quot;,&quot;background_slideshow_transition_duration&quot;:500}\">\n\t\t\t<div class=\"elementor-widget-wrap\">\n\t\t\t\t\t\t\t<\/div>\n\t\t<\/div>\n\t\t\t\t<div class=\"elementor-column elementor-col-66 elementor-inner-column elementor-element elementor-element-dc16ef4\" data-id=\"dc16ef4\" data-element_type=\"column\">\n\t\t\t<div class=\"elementor-widget-wrap elementor-element-populated\">\n\t\t\t\t\t\t<div class=\"elementor-element elementor-element-2d63450 elementor-widget elementor-widget-text-editor\" data-id=\"2d63450\" data-element_type=\"widget\" data-widget_type=\"text-editor.default\">\n\t\t\t\t<div class=\"elementor-widget-container\">\n\t\t\t\t\t\t\t\t\t<p style=\"text-align: left;\"><b>Pocz\u0105tki jazzu w Polsce<\/b><\/p>\n<p>Fascynacja muzyk\u0105 jazzow\u0105 w Polsce zrodzi\u0142a si\u0119 jeszcze w czasach przedwojennych, ale tu\u017c po wyzwoleniu nast\u0105pi\u0142o co\u015b w rodzaju niemal fanatycznego uwielbienia dla tego gatunku muzyki. Dzi\u015b t\u0142umaczy si\u0119 to ucieczk\u0105 \u015brodowisk intelektualnych od ponurej politycznie rzeczywisto\u015bci do namiastki poczucia wolno\u015bci, jak\u0105 w\u00f3wczas podobno dawa\u0142 jazz.&nbsp;<\/p>\n<p><\/p>\n<p><b>Narodziny Krakowskich Zaduszek Jazzowych<\/b><\/p>\n<p>W latach 50. w Polsce by\u0142o ju\u017c wielu znakomitych muzyk\u00f3w jazzowych graj\u0105cych na \u015bwiatowym poziomie. Znali si\u0119 wszyscy, ale nie mieli mo\u017cliwo\u015bci spotka\u0107 si\u0119 razem. Jedynym dniem w ci\u0105gu roku, w kt\u00f3rym wszyscy dysponowali czasem, by\u0142 Dzie\u0144 Zaduszny. I w\u0142a\u015bnie tego dnia w 1954 roku dosz\u0142o do spotkania wszystkich polskich jazzman\u00f3w na sali gimnastycznej szko\u0142y podstawowej w Krakowie przy ulicy Kr\u00f3lowej Jadwigi. Chocia\u017c tamto muzykowanie nie mia\u0142o charakteru koncertowego, a by\u0142o to pierwsze og\u00f3lnopolskie jam session, to i tak do historii przesz\u0142o jako pierwsze Krakowskie Zaduszki Jazzowe.<\/p>\n<p>Rok p\u00f3\u017aniej II Krakowskie Zaduszki Jazzowe odby\u0142y si\u0119 w Domu Kultury w&#8230; Zabrzu. Ale ju\u017c wszystkie kolejne festiwale pozosta\u0142y na zawsze w Krakowie.<\/p>\n<p><\/p>\n<p><b>Z\u0142oty Helikon<\/b><\/p>\n<p>W roku 1956 powsta\u0142 Krakowski Jazz-Klub &#8222;Helikon&#8221;, kt\u00f3ry od tej pory przej\u0105\u0142 organizacj\u0119 festiwalu. Ju\u017c w roku nast\u0119pnym Krakowska Filharmonia, jako pierwsza w Polsce, otwar\u0142a swoje podwoje dla jazzu, a gwiazd\u0105 IV KZJ by\u0142 Andrzej Kurylewicz. VII festiwal by\u0142 ju\u017c imprez\u0105 mi\u0119dzynarodow\u0105, a na scenie Krakowskiej Filharmonii zagra\u0142 Stan Getz. By\u0142 to rok 1960. W dwa lata p\u00f3\u017aniej klub &#8222;Helikon&#8221;, kt\u00f3rego prezesem by\u0142 w\u00f3wczas Jan Byrczek, ustanowi\u0142 odznaczenie &#8222;Z\u0142oty Helikon&#8221;. Pierwszego &#8222;Z\u0142otego Helikona&#8221; otrzyma\u0142 Andrzej Kurylewicz.<\/p>\n<p><\/p>\n<p><b>\u201ePolityczny\u201d jazz\u2026<\/b><\/p>\n<p>XIV KZJ odby\u0142y si\u0119 w 1967 roku, W roku 1968 po politycznej decyzji zamkni\u0119cia &#8222;Helikonu&#8221;, Zaduszek nie by\u0142o. W roku nast\u0119pnym \u00f3wczesne w\u0142adze miasta nie wyrazi\u0142y zgody na organizacj\u0119 festiwalu bez podania przyczyn odmowy. Jednak w obu tych latach odby\u0142y si\u0119 klubowe imprezy jazzowe, kt\u00f3re w tajemnicy przed w\u0142adz\u0105 i publiczno\u015bci\u0105 nazwano Zaduszkami. Domy\u015blano si\u0119, \u017ce festiwalowi zaszkodzi\u0142a nazwa, kojarz\u0105ca si\u0119 (nies\u0142usznie zreszt\u0105) z obchodami religijnymi. W 1970 roku wznowiono festiwal pod bezpieczn\u0105 nazw\u0105 Krakowski Festiwal Jazzowy, ale i tak powszechnie nazywano go Zaduszkami. Zaduszki lat 1968 i 1969 nie wesz\u0142y jednak w numeracj\u0119 festiwalu.<\/p>\n<p>Wtedy krakowskiemu oddzia\u0142owi Polskiego Stowarzyszenia Jazzowego prezesowa\u0142 Lucjan Kaszycki. Festiwal trwa\u0142 dwa dni &#8211; w poniedzia\u0142ek i wtorek, bezpo\u015brednio po warszawskim Jazz Jamboree. Koncerty g\u0142\u00f3wne odbywa\u0142y si\u0119 w Filharmonii, a spotkania jam sessions w krakowskich &#8222;Krzysztoforach&#8221;.<\/p>\n<p><\/p>\n<p><b>Rozw\u00f3j festiwalu<\/b><\/p>\n<p>Kolejni prezesi Oddzia\u0142u PSJ w Krakowie, Jan Poprawa i Janusz Muniak, kontynuowali statutow\u0105 powinno\u015b\u0107 stowarzyszenia i doprowadzili do XXXV edycji festiwalu. W tych latach na Zaduszkach wyst\u0105pili m.in. Woody Herman, big band legendarnego Duke&#8217;a Ellingtona pod dyrekcj\u0105 jego syna Mercera, Don Cherry, czy Didier Lockwood.<\/p>\n<p><\/p>\n<p><b>Krakowskie Zaduszki Jazzowe Marka Stryszowskiego<\/b><\/p>\n<p>W roku 1991 prezesem PSJ w Krakowie zosta\u0142 Marek Stryszowski. Pierwsze przez niego zorganizowane Zaduszki, a XXXVI w og\u00f3le odby\u0142y si\u0119 na deskach teatru &#8222;Groteska&#8221;.<\/p>\n<p>Od tego czasu daje si\u0119 zaobserwowa\u0107 w historii festiwalu dwie zasadnicze zmiany: nawi\u0105zanie nazwy do czasu koncert\u00f3w festiwalowych i przyj\u0119cie formu\u0142y &#8222;festiwalu w\u0119druj\u0105cego&#8221;. Dzi\u015b praktycznie w Krakowie nie ma miejsca, w kt\u00f3rym gra si\u0119 jazz, gdzie nie by\u0142oby koncert\u00f3w zaduszkowych.<\/p>\n<p>Jubileuszowe XL Krakowskie Zaduszki Jazzowe prowadzili weterani \u017cycia jazzowego w Polsce Andrzej Jaroszewski i Jan Poprawa. Wznowiono zaniechane kiedy\u015b nadawanie &#8222;Z\u0142otych Helikon\u00f3w&#8221;, rozszerzaj\u0105c zakres ich przyznawania o osoby wspieraj\u0105ce jazz. W\u015br\u00f3d odznaczonych w roku 1995 znale\u017ali si\u0119 te\u017c konsul generalny Republiki Austrii Emil Brix i dyrektorka oddzia\u0142u PLL LOT w Krakowie Jadwiga Cyrankiewicz. Gwiazd\u0105 jubileuszowej edycji festiwali by\u0142 Acker Bilk.<\/p>\n<p>Pisz\u0105c o krakowskim festiwalu trudno nie wspomnie\u0107 o jednej z towarzysz\u0105cych mu imprez. Trudno nazwa\u0107 to imprez\u0105, bowiem jest to co\u015b w rodzaju misterium. Zainicjowana w roku 1987 przez Jana Budziaszka msza \u015bw. jazzowa w intencji zmar\u0142ych muzyk\u00f3w jazzowych, celebrowana od tego czasu dorocznie w ko\u015bciele oo. dominikan\u00f3w stanowi od ponad dwudziestolecia jak\u017ce znamienne zako\u0144czenie festiwalu. W festiwalowy program zosta\u0142a oficjalnie wpisana dopiero w czasach postkomunistycznych, za prezesury Marka Stryszowskiego.<\/p>\n<p>W roku 2005 Marek Stryszowski zorganizowa\u0142 jubileuszowe 50. KZJ. W\u00f3wczas za spraw\u0119 najwa\u017cniejsz\u0105 uznano fakt przetrwania jednego z najstarszych, o ile nie najstarszego festiwalu jazzowego na \u015bwiecie i po raz drugi za prezesury Stryszowskiego wr\u0119czono &#8222;Z\u0142ote Helikony&#8221;. Otrzymali je Witold Kujawski i Jan Szewczyk oraz po\u015bmiertnie Andrzej Cudzich, Andrzej Jak\u00f3biec i Przemys\u0142aw Gwo\u017adziowski.<\/p>\n<h3 style=\"text-align: right;\"><em>Wies\u0142aw Siekierski<\/em><\/h3>\n<div>&nbsp;<\/div>\t\t\t\t\t\t\t\t<\/div>\n\t\t\t\t<\/div>\n\t\t\t\t\t<\/div>\n\t\t<\/div>\n\t\t\t\t\t<\/div>\n\t\t<\/section>\n\t\t\t\t\t<\/div>\n\t\t<\/div>\n\t\t\t\t\t<\/div>\n\t\t<\/section>\n\t\t\t\t<section class=\"elementor-section elementor-top-section elementor-element elementor-element-c1238ff elementor-section-full_width elementor-section-height-min-height elementor-section-height-default elementor-section-items-middle\" data-id=\"c1238ff\" data-element_type=\"section\" data-settings=\"{&quot;background_background&quot;:&quot;classic&quot;}\">\n\t\t\t\t\t\t\t<div class=\"elementor-background-overlay\"><\/div>\n\t\t\t\t\t\t\t<div class=\"elementor-container elementor-column-gap-default\">\n\t\t\t\t\t<div class=\"elementor-column elementor-col-100 elementor-top-column elementor-element elementor-element-0d50e4d\" data-id=\"0d50e4d\" data-element_type=\"column\">\n\t\t\t<div class=\"elementor-widget-wrap elementor-element-populated\">\n\t\t\t\t\t\t<div class=\"elementor-element elementor-element-6a871b4 elementor-shape-circle elementor-grid-0 e-grid-align-center elementor-widget elementor-widget-social-icons\" data-id=\"6a871b4\" data-element_type=\"widget\" data-widget_type=\"social-icons.default\">\n\t\t\t\t<div class=\"elementor-widget-container\">\n\t\t\t\t\t\t\t<div class=\"elementor-social-icons-wrapper elementor-grid\" role=\"list\">\n\t\t\t\t\t\t\t<span class=\"elementor-grid-item\" role=\"listitem\">\n\t\t\t\t\t<a class=\"elementor-icon elementor-social-icon elementor-social-icon-facebook elementor-animation-shrink elementor-repeater-item-90c9b9b\" href=\"https:\/\/www.facebook.com\/FestiwalKrakowskieZaduszkiJazzowe\" target=\"_blank\">\n\t\t\t\t\t\t<span class=\"elementor-screen-only\">Facebook<\/span>\n\t\t\t\t\t\t<i aria-hidden=\"true\" class=\"fab fa-facebook\"><\/i>\t\t\t\t\t<\/a>\n\t\t\t\t<\/span>\n\t\t\t\t\t\t\t<span class=\"elementor-grid-item\" role=\"listitem\">\n\t\t\t\t\t<a class=\"elementor-icon elementor-social-icon elementor-social-icon-instagram elementor-animation-shrink elementor-repeater-item-979d784\" href=\"https:\/\/www.instagram.com\/krakowskie_zaduszki_jazzowe\/\" target=\"_blank\">\n\t\t\t\t\t\t<span class=\"elementor-screen-only\">Instagram<\/span>\n\t\t\t\t\t\t<i aria-hidden=\"true\" class=\"fab fa-instagram\"><\/i>\t\t\t\t\t<\/a>\n\t\t\t\t<\/span>\n\t\t\t\t\t<\/div>\n\t\t\t\t\t\t<\/div>\n\t\t\t\t<\/div>\n\t\t\t\t\t<\/div>\n\t\t<\/div>\n\t\t\t\t\t<\/div>\n\t\t<\/section>\n\t\t\t\t<\/div>\n\t\t","protected":false},"excerpt":{"rendered":"<p>HISTORIA FESTIWALU Pocz\u0105tki jazzu w Polsce Fascynacja muzyk\u0105 jazzow\u0105 w Polsce zrodzi\u0142a si\u0119 jeszcze w czasach przedwojennych, ale tu\u017c po wyzwoleniu nast\u0105pi\u0142o co\u015b w rodzaju niemal fanatycznego uwielbienia dla tego gatunku muzyki. Dzi\u015b t\u0142umaczy si\u0119 to ucieczk\u0105 \u015brodowisk intelektualnych od ponurej politycznie rzeczywisto\u015bci do namiastki poczucia wolno\u015bci, jak\u0105 w\u00f3wczas podobno dawa\u0142 jazz.&nbsp; Narodziny Krakowskich Zaduszek&hellip;&nbsp;<a href=\"https:\/\/tmp.krakowskiezaduszkijazzowe.eu\/?page_id=303\" rel=\"bookmark\">Dowiedz si\u0119 wi\u0119cej &raquo;<span class=\"screen-reader-text\">Historia festiwalu<\/span><\/a><\/p>\n","protected":false},"author":1,"featured_media":0,"parent":0,"menu_order":0,"comment_status":"closed","ping_status":"closed","template":"page-templates\/template-pagebuilder-full-width.php","meta":{"neve_meta_sidebar":"","neve_meta_container":"","neve_meta_enable_content_width":"","neve_meta_content_width":70,"neve_meta_title_alignment":"","neve_meta_author_avatar":"","neve_post_elements_order":"","neve_meta_disable_header":"","neve_meta_disable_footer":"","neve_meta_disable_title":"","footnotes":""},"class_list":["post-303","page","type-page","status-publish","hentry"],"_links":{"self":[{"href":"https:\/\/tmp.krakowskiezaduszkijazzowe.eu\/index.php?rest_route=\/wp\/v2\/pages\/303","targetHints":{"allow":["GET"]}}],"collection":[{"href":"https:\/\/tmp.krakowskiezaduszkijazzowe.eu\/index.php?rest_route=\/wp\/v2\/pages"}],"about":[{"href":"https:\/\/tmp.krakowskiezaduszkijazzowe.eu\/index.php?rest_route=\/wp\/v2\/types\/page"}],"author":[{"embeddable":true,"href":"https:\/\/tmp.krakowskiezaduszkijazzowe.eu\/index.php?rest_route=\/wp\/v2\/users\/1"}],"replies":[{"embeddable":true,"href":"https:\/\/tmp.krakowskiezaduszkijazzowe.eu\/index.php?rest_route=%2Fwp%2Fv2%2Fcomments&post=303"}],"version-history":[{"count":82,"href":"https:\/\/tmp.krakowskiezaduszkijazzowe.eu\/index.php?rest_route=\/wp\/v2\/pages\/303\/revisions"}],"predecessor-version":[{"id":4727,"href":"https:\/\/tmp.krakowskiezaduszkijazzowe.eu\/index.php?rest_route=\/wp\/v2\/pages\/303\/revisions\/4727"}],"wp:attachment":[{"href":"https:\/\/tmp.krakowskiezaduszkijazzowe.eu\/index.php?rest_route=%2Fwp%2Fv2%2Fmedia&parent=303"}],"curies":[{"name":"wp","href":"https:\/\/api.w.org\/{rel}","templated":true}]}}