{"id":273,"date":"2021-01-21T10:35:46","date_gmt":"2021-01-21T10:35:46","guid":{"rendered":"http:\/\/krakowskiezaduszkijazzowe.eu\/?page_id=273"},"modified":"2025-08-05T10:31:56","modified_gmt":"2025-08-05T10:31:56","slug":"kim-jestesmy","status":"publish","type":"page","link":"https:\/\/tmp.krakowskiezaduszkijazzowe.eu\/?page_id=273","title":{"rendered":"Kim Jeste\u015bmy"},"content":{"rendered":"\t\t<div data-elementor-type=\"wp-page\" data-elementor-id=\"273\" class=\"elementor elementor-273\">\n\t\t\t\t\t\t<section class=\"elementor-section elementor-top-section elementor-element elementor-element-b5ff6d2 elementor-section-full_width elementor-section-height-min-height elementor-section-height-default elementor-section-items-middle\" data-id=\"b5ff6d2\" data-element_type=\"section\" data-settings=\"{&quot;background_background&quot;:&quot;classic&quot;}\">\n\t\t\t\t\t\t<div class=\"elementor-container elementor-column-gap-default\">\n\t\t\t\t\t<div class=\"elementor-column elementor-col-100 elementor-top-column elementor-element elementor-element-a4f0ffa\" data-id=\"a4f0ffa\" data-element_type=\"column\">\n\t\t\t<div class=\"elementor-widget-wrap elementor-element-populated\">\n\t\t\t\t\t\t<div class=\"elementor-element elementor-element-ea32b9f elementor-widget elementor-widget-spacer\" data-id=\"ea32b9f\" data-element_type=\"widget\" data-widget_type=\"spacer.default\">\n\t\t\t\t<div class=\"elementor-widget-container\">\n\t\t\t\t\t\t\t<div class=\"elementor-spacer\">\n\t\t\t<div class=\"elementor-spacer-inner\"><\/div>\n\t\t<\/div>\n\t\t\t\t\t\t<\/div>\n\t\t\t\t<\/div>\n\t\t\t\t<div class=\"elementor-element elementor-element-4ba6ea0 elementor-widget elementor-widget-heading\" data-id=\"4ba6ea0\" data-element_type=\"widget\" data-widget_type=\"heading.default\">\n\t\t\t\t<div class=\"elementor-widget-container\">\n\t\t\t\t\t<h1 class=\"elementor-heading-title elementor-size-xxl\">O FESTIWALU<\/h1>\t\t\t\t<\/div>\n\t\t\t\t<\/div>\n\t\t\t\t<div class=\"elementor-element elementor-element-746f3fa elementor-widget elementor-widget-spacer\" data-id=\"746f3fa\" data-element_type=\"widget\" data-widget_type=\"spacer.default\">\n\t\t\t\t<div class=\"elementor-widget-container\">\n\t\t\t\t\t\t\t<div class=\"elementor-spacer\">\n\t\t\t<div class=\"elementor-spacer-inner\"><\/div>\n\t\t<\/div>\n\t\t\t\t\t\t<\/div>\n\t\t\t\t<\/div>\n\t\t\t\t\t<\/div>\n\t\t<\/div>\n\t\t\t\t\t<\/div>\n\t\t<\/section>\n\t\t\t\t<section class=\"elementor-section elementor-top-section elementor-element elementor-element-a361fb0 elementor-section-full_width elementor-section-height-default elementor-section-height-default\" data-id=\"a361fb0\" data-element_type=\"section\">\n\t\t\t\t\t\t<div class=\"elementor-container elementor-column-gap-default\">\n\t\t\t\t\t<div class=\"elementor-column elementor-col-100 elementor-top-column elementor-element elementor-element-b630385\" data-id=\"b630385\" data-element_type=\"column\">\n\t\t\t<div class=\"elementor-widget-wrap elementor-element-populated\">\n\t\t\t\t\t\t<section class=\"elementor-section elementor-inner-section elementor-element elementor-element-1555b60 elementor-section-full_width elementor-section-height-default elementor-section-height-default\" data-id=\"1555b60\" data-element_type=\"section\">\n\t\t\t\t\t\t<div class=\"elementor-container elementor-column-gap-default\">\n\t\t\t\t\t<div class=\"elementor-column elementor-col-33 elementor-inner-column elementor-element elementor-element-6822679\" data-id=\"6822679\" data-element_type=\"column\" data-settings=\"{&quot;background_background&quot;:&quot;slideshow&quot;,&quot;background_slideshow_gallery&quot;:[{&quot;id&quot;:1593,&quot;url&quot;:&quot;http:\\\/\\\/krakowskiezaduszkijazzowe.eu\\\/wp-content\\\/uploads\\\/2021\\\/02\\\/kim-scaled.jpg&quot;}],&quot;background_slideshow_slide_duration&quot;:5000,&quot;background_slideshow_slide_transition&quot;:&quot;fade&quot;,&quot;background_slideshow_transition_duration&quot;:500}\">\n\t\t\t<div class=\"elementor-widget-wrap\">\n\t\t\t\t\t\t\t<\/div>\n\t\t<\/div>\n\t\t\t\t<div class=\"elementor-column elementor-col-66 elementor-inner-column elementor-element elementor-element-a58de9b\" data-id=\"a58de9b\" data-element_type=\"column\">\n\t\t\t<div class=\"elementor-widget-wrap elementor-element-populated\">\n\t\t\t\t\t\t<div class=\"elementor-element elementor-element-7e971d6 elementor-widget elementor-widget-text-editor\" data-id=\"7e971d6\" data-element_type=\"widget\" data-widget_type=\"text-editor.default\">\n\t\t\t\t<div class=\"elementor-widget-container\">\n\t\t\t\t\t\t\t\t\t<p><span style=\"color: #d4b14b;\"><span style=\"font-weight: bold;\">Kim jeste\u015bmy?<\/span><\/span><\/p><p><strong>Krakowskie Zaduszki Jazzowe<\/strong>\u00a0s\u0105 najstarszym festiwalem jazzowym w Europie. Na \u015bwiecie starszym festiwalem &#8211; lecz zaledwie o kilka miesi\u0119cy &#8211; jest jedynie znany i niepowtarzalny\u00a0<em>Newport Jazz Festival<\/em>\u00a0organizowany na Rhode Island w Stanach Zjednoczonych. Historia\u00a0<strong>Krakowskich Zaduszek Jazzowych<\/strong>\u00a0si\u0119ga roku 1954, kiedy to w sali gimnastycznej Szko\u0142y Podstawowej nr 52, przy ulicy Kr\u00f3lowej Jadwigi w Krakowie, odby\u0142a si\u0119 pierwsza edycja tego cyklu. Wtedy te\u017c po raz pierwszy wybrzmia\u0142 hymn Zaduszek &#8211;\u00a0<strong><em>Swanee River<\/em><\/strong><em>.<\/em><\/p><p>Od tego momentu muzyka jazzowa wpisa\u0142a si\u0119 na sta\u0142e w \u017cycie kulturalne Krakowa. Razem z nim si\u0119 rozwija\u0142a, cz\u0119sto przechodzi\u0142a ci\u0119\u017ckie chwile, ale przede wszystkim \u2013 razem z nim przetrwa\u0142a i wychowa\u0142a kolejne pokolenia tw\u00f3rc\u00f3w i mi\u0142o\u015bnik\u00f3w jazzu.<\/p><p>\u00a0<\/p><p><span style=\"font-weight: bold; color: #d4b14b;\">Drugie \u017cycie Krakowskich Zaduszek Jazzowych<\/span><\/p><p>Piel\u0119gnuj\u0105c niezwykle pi\u0119kn\u0105 tradycj\u0119 organizowania festiwali jazzowych w okresie zadusznym w Polsce oraz bior\u0105c pod uwag\u0119 fakt, i\u017c najstarszym cyklem koncert\u00f3w w Krakowie s\u0105 w\u0142a\u015bnie\u00a0<strong>Zaduszki Jazzowe<\/strong>, postanowili\u015bmy podnie\u015b\u0107 cykl\u00a0<strong>Krakowskich Zaduszek Jazzowych<\/strong>\u00a0do nale\u017cnej mu rangi.<\/p><p>Zdecydowali\u015bmy si\u0119 da\u0107 mu drugie \u017cycie. Startuj\u0105c\u00a0<strong>jesieni\u0105 2021 roku<\/strong>\u00a0<strong>(27 \u2013 30 pa\u017adziernika 2021)\u00a0<\/strong>postaramy si\u0119 przywr\u00f3ci\u0107 dawn\u0105 \u015bwietno\u015b\u0107 festiwalu, b\u0119d\u0105cego niezaprzeczalnie naszym kulturowym dziedzictwem, zar\u00f3wno w wymiarze lokalnym \u2013 krakowskim &#8211; jak i og\u00f3lnopolskim czy europejskim.<\/p><p>Razem z\u00a0<strong>Markiem Stryszowskim<\/strong>, wieloletnim organizatorem Krakowskich Zaduszek Jazzowych, a teraz ich Dyrektorem Artystycznym, chcemy zorganizowa\u0107 prawdziwe \u015bwi\u0119to muzyki jazzowej &#8211; nie tylko w stolicy Ma\u0142opolski, ale te\u017c w Wieliczce, Trzebini, Olkuszu, O\u015bwi\u0119cimiu, czy Bukowinie Tatrza\u0144skiej.<\/p><p><span style=\"color: #d4b14b;\"><span style=\"font-weight: bold;\">\u00a0<\/span><\/span><\/p><p><span style=\"color: #d4b14b;\"><span style=\"font-weight: bold;\">Nasza misja<\/span><\/span><\/p><p>Jazz by\u0142 zawsze\u00a0<strong>muzyk\u0105 buntu i wolno\u015bci<\/strong>\u00a0&#8211; zar\u00f3wno w czasach komunizmu jak i wsp\u00f3\u0142cze\u015bnie &#8211; dlatego pami\u0119taj\u0105c o tradycji, nie chcemy jednocze\u015bnie zamyka\u0107 si\u0119 w skostnia\u0142ych schematach. Pragniemy pozosta\u0107 otwarci na nowe trendy i zjawiska w muzyce jazzowej \u2013 wszystko to z nadziej\u0105 i wiar\u0105 w jej przysz\u0142o\u015b\u0107.<\/p><p>Jednym z naszych g\u0142\u00f3wnych cel\u00f3w b\u0119dzie\u00a0<strong>promowanie mniej znanych i zdolnych muzyk\u00f3w<\/strong>. Chcemy, aby muzyka jazzowa sta\u0142a si\u0119 bardziej popularna, zw\u0142aszcza w\u015br\u00f3d przedstawicieli m\u0142odego pokolenia i jednocze\u015bnie pozosta\u0142a oaz\u0105 swobody i niezale\u017cno\u015bci.<\/p><p>W dzisiejszych tak trudnych czasach, poprzez j\u0119zyk kultury, kt\u00f3ry zawsze zach\u0119ca do dialogu, otwarto\u015bci i tolerancji, mamy nadziej\u0119 osi\u0105gn\u0105\u0107 r\u00f3wnie\u017c cel spo\u0142eczny jakim jest integracja r\u00f3\u017cnych \u015brodowisk.<\/p><p><span style=\"color: #d4b14b;\"><span style=\"font-weight: bold;\">\u00a0<\/span><\/span><\/p><p><span style=\"color: #d4b14b;\"><span style=\"font-weight: bold;\">Krak\u00f3w \u2013 nieprzypadkowa stolica jazzu<\/span><\/span><\/p><p>Krak\u00f3w jest miejscem szczeg\u00f3lnym na kulturalnej mapie Polski. Przygl\u0105daj\u0105c si\u0119 historii rozwoju tego gatunku muzycznego w Polsce wida\u0107, jak ogromne znaczenie odegra\u0142a w nim stolica Ma\u0142opolski. Dlatego te\u017c tak wa\u017cna jest dla nas odbudowa dawnej \u015bwietno\u015bci festiwalu. Chcemy, by Krak\u00f3w pozosta\u0142 istotn\u0105 cz\u0119\u015bci\u0105 historii jazzu, ale tak\u017ce, by sta\u0142 si\u0119 domem daj\u0105cym perspektywy rozwoju dla m\u0142odych artyst\u00f3w.<\/p>\t\t\t\t\t\t\t\t<\/div>\n\t\t\t\t<\/div>\n\t\t\t\t\t<\/div>\n\t\t<\/div>\n\t\t\t\t\t<\/div>\n\t\t<\/section>\n\t\t\t\t\t<\/div>\n\t\t<\/div>\n\t\t\t\t\t<\/div>\n\t\t<\/section>\n\t\t\t\t<section class=\"elementor-section elementor-top-section elementor-element elementor-element-e6052e8 elementor-section-full_width elementor-section-height-min-height elementor-section-height-default elementor-section-items-middle\" data-id=\"e6052e8\" data-element_type=\"section\" data-settings=\"{&quot;background_background&quot;:&quot;classic&quot;}\">\n\t\t\t\t\t\t\t<div class=\"elementor-background-overlay\"><\/div>\n\t\t\t\t\t\t\t<div class=\"elementor-container elementor-column-gap-default\">\n\t\t\t\t\t<div class=\"elementor-column elementor-col-100 elementor-top-column elementor-element elementor-element-d07082d\" data-id=\"d07082d\" data-element_type=\"column\">\n\t\t\t<div class=\"elementor-widget-wrap elementor-element-populated\">\n\t\t\t\t\t\t<div class=\"elementor-element elementor-element-fa94a67 elementor-shape-circle elementor-grid-0 e-grid-align-center elementor-widget elementor-widget-social-icons\" data-id=\"fa94a67\" data-element_type=\"widget\" data-widget_type=\"social-icons.default\">\n\t\t\t\t<div class=\"elementor-widget-container\">\n\t\t\t\t\t\t\t<div class=\"elementor-social-icons-wrapper elementor-grid\" role=\"list\">\n\t\t\t\t\t\t\t<span class=\"elementor-grid-item\" role=\"listitem\">\n\t\t\t\t\t<a class=\"elementor-icon elementor-social-icon elementor-social-icon-facebook elementor-animation-shrink elementor-repeater-item-90c9b9b\" href=\"https:\/\/www.facebook.com\/FestiwalKrakowskieZaduszkiJazzowe\" target=\"_blank\">\n\t\t\t\t\t\t<span class=\"elementor-screen-only\">Facebook<\/span>\n\t\t\t\t\t\t<i aria-hidden=\"true\" class=\"fab fa-facebook\"><\/i>\t\t\t\t\t<\/a>\n\t\t\t\t<\/span>\n\t\t\t\t\t\t\t<span class=\"elementor-grid-item\" role=\"listitem\">\n\t\t\t\t\t<a class=\"elementor-icon elementor-social-icon elementor-social-icon-instagram elementor-animation-shrink elementor-repeater-item-979d784\" href=\"https:\/\/www.instagram.com\/krakowskie_zaduszki_jazzowe\/\" target=\"_blank\">\n\t\t\t\t\t\t<span class=\"elementor-screen-only\">Instagram<\/span>\n\t\t\t\t\t\t<i aria-hidden=\"true\" class=\"fab fa-instagram\"><\/i>\t\t\t\t\t<\/a>\n\t\t\t\t<\/span>\n\t\t\t\t\t<\/div>\n\t\t\t\t\t\t<\/div>\n\t\t\t\t<\/div>\n\t\t\t\t\t<\/div>\n\t\t<\/div>\n\t\t\t\t\t<\/div>\n\t\t<\/section>\n\t\t\t\t<\/div>\n\t\t","protected":false},"excerpt":{"rendered":"<p>O FESTIWALU Kim jeste\u015bmy? Krakowskie Zaduszki Jazzowe\u00a0s\u0105 najstarszym festiwalem jazzowym w Europie. Na \u015bwiecie starszym festiwalem &#8211; lecz zaledwie o kilka miesi\u0119cy &#8211; jest jedynie znany i niepowtarzalny\u00a0Newport Jazz Festival\u00a0organizowany na Rhode Island w Stanach Zjednoczonych. Historia\u00a0Krakowskich Zaduszek Jazzowych\u00a0si\u0119ga roku 1954, kiedy to w sali gimnastycznej Szko\u0142y Podstawowej nr 52, przy ulicy Kr\u00f3lowej Jadwigi w&hellip;&nbsp;<a href=\"https:\/\/tmp.krakowskiezaduszkijazzowe.eu\/?page_id=273\" rel=\"bookmark\">Dowiedz si\u0119 wi\u0119cej &raquo;<span class=\"screen-reader-text\">Kim Jeste\u015bmy<\/span><\/a><\/p>\n","protected":false},"author":1,"featured_media":0,"parent":0,"menu_order":0,"comment_status":"closed","ping_status":"closed","template":"page-templates\/template-pagebuilder-full-width.php","meta":{"neve_meta_sidebar":"","neve_meta_container":"","neve_meta_enable_content_width":"","neve_meta_content_width":70,"neve_meta_title_alignment":"","neve_meta_author_avatar":"","neve_post_elements_order":"","neve_meta_disable_header":"","neve_meta_disable_footer":"","neve_meta_disable_title":"","footnotes":""},"class_list":["post-273","page","type-page","status-publish","hentry"],"_links":{"self":[{"href":"https:\/\/tmp.krakowskiezaduszkijazzowe.eu\/index.php?rest_route=\/wp\/v2\/pages\/273","targetHints":{"allow":["GET"]}}],"collection":[{"href":"https:\/\/tmp.krakowskiezaduszkijazzowe.eu\/index.php?rest_route=\/wp\/v2\/pages"}],"about":[{"href":"https:\/\/tmp.krakowskiezaduszkijazzowe.eu\/index.php?rest_route=\/wp\/v2\/types\/page"}],"author":[{"embeddable":true,"href":"https:\/\/tmp.krakowskiezaduszkijazzowe.eu\/index.php?rest_route=\/wp\/v2\/users\/1"}],"replies":[{"embeddable":true,"href":"https:\/\/tmp.krakowskiezaduszkijazzowe.eu\/index.php?rest_route=%2Fwp%2Fv2%2Fcomments&post=273"}],"version-history":[{"count":97,"href":"https:\/\/tmp.krakowskiezaduszkijazzowe.eu\/index.php?rest_route=\/wp\/v2\/pages\/273\/revisions"}],"predecessor-version":[{"id":4724,"href":"https:\/\/tmp.krakowskiezaduszkijazzowe.eu\/index.php?rest_route=\/wp\/v2\/pages\/273\/revisions\/4724"}],"wp:attachment":[{"href":"https:\/\/tmp.krakowskiezaduszkijazzowe.eu\/index.php?rest_route=%2Fwp%2Fv2%2Fmedia&parent=273"}],"curies":[{"name":"wp","href":"https:\/\/api.w.org\/{rel}","templated":true}]}}