{"id":1435,"date":"2021-02-11T10:17:05","date_gmt":"2021-02-11T10:17:05","guid":{"rendered":"http:\/\/krakowskiezaduszkijazzowe.eu\/?page_id=1435"},"modified":"2025-08-05T10:35:11","modified_gmt":"2025-08-05T10:35:11","slug":"bilety","status":"publish","type":"page","link":"https:\/\/tmp.krakowskiezaduszkijazzowe.eu\/?page_id=1435","title":{"rendered":"Bilety"},"content":{"rendered":"\t\t<div data-elementor-type=\"wp-page\" data-elementor-id=\"1435\" class=\"elementor elementor-1435\">\n\t\t\t\t\t\t<section class=\"elementor-section elementor-top-section elementor-element elementor-element-b5ff6d2 elementor-section-full_width elementor-section-height-min-height elementor-section-height-default elementor-section-items-middle\" data-id=\"b5ff6d2\" data-element_type=\"section\" data-settings=\"{&quot;background_background&quot;:&quot;classic&quot;}\">\n\t\t\t\t\t\t<div class=\"elementor-container elementor-column-gap-default\">\n\t\t\t\t\t<div class=\"elementor-column elementor-col-100 elementor-top-column elementor-element elementor-element-a4f0ffa\" data-id=\"a4f0ffa\" data-element_type=\"column\">\n\t\t\t<div class=\"elementor-widget-wrap elementor-element-populated\">\n\t\t\t\t\t\t<div class=\"elementor-element elementor-element-ea32b9f elementor-widget elementor-widget-spacer\" data-id=\"ea32b9f\" data-element_type=\"widget\" data-widget_type=\"spacer.default\">\n\t\t\t\t<div class=\"elementor-widget-container\">\n\t\t\t\t\t\t\t<div class=\"elementor-spacer\">\n\t\t\t<div class=\"elementor-spacer-inner\"><\/div>\n\t\t<\/div>\n\t\t\t\t\t\t<\/div>\n\t\t\t\t<\/div>\n\t\t\t\t<div class=\"elementor-element elementor-element-4ba6ea0 elementor-widget elementor-widget-heading\" data-id=\"4ba6ea0\" data-element_type=\"widget\" data-widget_type=\"heading.default\">\n\t\t\t\t<div class=\"elementor-widget-container\">\n\t\t\t\t\t<h1 class=\"elementor-heading-title elementor-size-xxl\">BILETY<\/h1>\t\t\t\t<\/div>\n\t\t\t\t<\/div>\n\t\t\t\t<div class=\"elementor-element elementor-element-746f3fa elementor-widget elementor-widget-spacer\" data-id=\"746f3fa\" data-element_type=\"widget\" data-widget_type=\"spacer.default\">\n\t\t\t\t<div class=\"elementor-widget-container\">\n\t\t\t\t\t\t\t<div class=\"elementor-spacer\">\n\t\t\t<div class=\"elementor-spacer-inner\"><\/div>\n\t\t<\/div>\n\t\t\t\t\t\t<\/div>\n\t\t\t\t<\/div>\n\t\t\t\t\t<\/div>\n\t\t<\/div>\n\t\t\t\t\t<\/div>\n\t\t<\/section>\n\t\t\t\t<section class=\"elementor-section elementor-top-section elementor-element elementor-element-d01d8d8 elementor-section-boxed elementor-section-height-default elementor-section-height-default\" data-id=\"d01d8d8\" data-element_type=\"section\">\n\t\t\t\t\t\t<div class=\"elementor-container elementor-column-gap-default\">\n\t\t\t\t\t<div class=\"elementor-column elementor-col-50 elementor-top-column elementor-element elementor-element-a84f461\" data-id=\"a84f461\" data-element_type=\"column\" data-settings=\"{&quot;animation&quot;:&quot;none&quot;}\">\n\t\t\t<div class=\"elementor-widget-wrap elementor-element-populated\">\n\t\t\t\t\t\t<div class=\"elementor-element elementor-element-75b2520 elementor-widget elementor-widget-text-editor\" data-id=\"75b2520\" data-element_type=\"widget\" data-widget_type=\"text-editor.default\">\n\t\t\t\t<div class=\"elementor-widget-container\">\n\t\t\t\t\t\t\t\t\t<h2 style=\"text-align: center;\"><a href=\"https:\/\/bit.ly\/69KZJ\"><span style=\"color: #54595f; font-family: Montserrat, sans-serif;\"><span style=\"white-space-collapse: preserve;\">BILETY DOST\u0118PNE <BR>W SPRZEDA\u017bY <\/span><\/span><span style=\"white-space-collapse: preserve; color: #54595f; font-family: Montserrat, sans-serif; background-color: var(--nv-site-bg);\"><BR>NA<strong> EBILET.PL<\/strong><\/span><\/a><\/h2>\t\t\t\t\t\t\t\t<\/div>\n\t\t\t\t<\/div>\n\t\t\t\t\t<\/div>\n\t\t<\/div>\n\t\t\t\t<div class=\"elementor-column elementor-col-50 elementor-top-column elementor-element elementor-element-7e6ace3\" data-id=\"7e6ace3\" data-element_type=\"column\" data-settings=\"{&quot;background_background&quot;:&quot;slideshow&quot;,&quot;background_slideshow_gallery&quot;:[{&quot;id&quot;:1999,&quot;url&quot;:&quot;http:\\\/\\\/krakowskiezaduszkijazzowe.eu\\\/wp-content\\\/uploads\\\/2021\\\/04\\\/bilety.jpg&quot;}],&quot;background_slideshow_slide_duration&quot;:5000,&quot;background_slideshow_slide_transition&quot;:&quot;fade&quot;,&quot;background_slideshow_transition_duration&quot;:500}\">\n\t\t\t<div class=\"elementor-widget-wrap\">\n\t\t\t\t\t\t\t<\/div>\n\t\t<\/div>\n\t\t\t\t\t<\/div>\n\t\t<\/section>\n\t\t\t\t<section class=\"elementor-section elementor-top-section elementor-element elementor-element-7692bc2 elementor-section-boxed elementor-section-height-default elementor-section-height-default\" data-id=\"7692bc2\" data-element_type=\"section\">\n\t\t\t\t\t\t\t<div class=\"elementor-background-overlay\"><\/div>\n\t\t\t\t\t\t\t<div class=\"elementor-container elementor-column-gap-default\">\n\t\t\t\t\t<div class=\"elementor-column elementor-col-100 elementor-top-column elementor-element elementor-element-a729614\" data-id=\"a729614\" data-element_type=\"column\">\n\t\t\t<div class=\"elementor-widget-wrap\">\n\t\t\t\t\t\t\t<\/div>\n\t\t<\/div>\n\t\t\t\t\t<\/div>\n\t\t<\/section>\n\t\t\t\t<section class=\"elementor-section elementor-top-section elementor-element elementor-element-a751a3d elementor-section-boxed elementor-section-height-default elementor-section-height-default\" data-id=\"a751a3d\" data-element_type=\"section\">\n\t\t\t\t\t\t<div class=\"elementor-container elementor-column-gap-default\">\n\t\t\t\t\t<div class=\"elementor-column elementor-col-33 elementor-top-column elementor-element elementor-element-9bf0b0a\" data-id=\"9bf0b0a\" data-element_type=\"column\">\n\t\t\t<div class=\"elementor-widget-wrap elementor-element-populated\">\n\t\t\t\t\t\t<div class=\"elementor-element elementor-element-4f11140 elementor-widget-tablet__width-initial elementor-widget elementor-widget-heading\" data-id=\"4f11140\" data-element_type=\"widget\" data-widget_type=\"heading.default\">\n\t\t\t\t<div class=\"elementor-widget-container\">\n\t\t\t\t\t<h2 class=\"elementor-heading-title elementor-size-large\"><br>\n<br>\n<br><b>Dzie\u0144 1<br> <\/b>\n\u015aroda, 23 pa\u017adziernika<br>\n<br>\n<br>\n<i>\u201eOgrody Jazzu <br>na Podg\u00f3rzu\"\n<\/i><\/h2>\t\t\t\t<\/div>\n\t\t\t\t<\/div>\n\t\t\t\t\t<\/div>\n\t\t<\/div>\n\t\t\t\t<div class=\"elementor-column elementor-col-33 elementor-top-column elementor-element elementor-element-e3a94ab\" data-id=\"e3a94ab\" data-element_type=\"column\">\n\t\t\t<div class=\"elementor-widget-wrap elementor-element-populated\">\n\t\t\t\t\t\t<div class=\"elementor-element elementor-element-dcbbe87 elementor-widget-tablet__width-initial elementor-widget elementor-widget-image\" data-id=\"dcbbe87\" data-element_type=\"widget\" data-widget_type=\"image.default\">\n\t\t\t\t<div class=\"elementor-widget-container\">\n\t\t\t\t\t\t\t\t\t\t\t\t\t\t\t\t<a href=\"https:\/\/sklep.ebilet.pl\/446419313063100417\">\n\t\t\t\t\t\t\t<img fetchpriority=\"high\" decoding=\"async\" width=\"1024\" height=\"1024\" src=\"https:\/\/tmp.krakowskiezaduszkijazzowe.eu\/wp-content\/uploads\/2024\/09\/1200x1200_malecki19-1024x1024.jpg\" class=\"attachment-large size-large wp-image-4211\" alt=\"\" srcset=\"https:\/\/tmp.krakowskiezaduszkijazzowe.eu\/wp-content\/uploads\/2024\/09\/1200x1200_malecki19-1024x1024.jpg 1024w, https:\/\/tmp.krakowskiezaduszkijazzowe.eu\/wp-content\/uploads\/2024\/09\/1200x1200_malecki19-300x300.jpg 300w, https:\/\/tmp.krakowskiezaduszkijazzowe.eu\/wp-content\/uploads\/2024\/09\/1200x1200_malecki19-150x150.jpg 150w, https:\/\/tmp.krakowskiezaduszkijazzowe.eu\/wp-content\/uploads\/2024\/09\/1200x1200_malecki19-768x768.jpg 768w, https:\/\/tmp.krakowskiezaduszkijazzowe.eu\/wp-content\/uploads\/2024\/09\/1200x1200_malecki19.jpg 1200w\" sizes=\"(max-width: 1024px) 100vw, 1024px\" \/>\t\t\t\t\t\t\t\t<\/a>\n\t\t\t\t\t\t\t\t\t\t\t\t\t\t\t<\/div>\n\t\t\t\t<\/div>\n\t\t\t\t\t<\/div>\n\t\t<\/div>\n\t\t\t\t<div class=\"elementor-column elementor-col-33 elementor-top-column elementor-element elementor-element-82d88ef\" data-id=\"82d88ef\" data-element_type=\"column\">\n\t\t\t<div class=\"elementor-widget-wrap elementor-element-populated\">\n\t\t\t\t\t\t<div class=\"elementor-element elementor-element-d6a0a19 elementor-widget-tablet__width-initial elementor-widget elementor-widget-image\" data-id=\"d6a0a19\" data-element_type=\"widget\" data-widget_type=\"image.default\">\n\t\t\t\t<div class=\"elementor-widget-container\">\n\t\t\t\t\t\t\t\t\t\t\t\t\t\t\t\t<a href=\"https:\/\/sklep.ebilet.pl\/446419313063100417\">\n\t\t\t\t\t\t\t<img decoding=\"async\" width=\"1024\" height=\"1024\" src=\"https:\/\/tmp.krakowskiezaduszkijazzowe.eu\/wp-content\/uploads\/2024\/09\/1200x1200_wieniawa19-1024x1024.jpg\" class=\"attachment-large size-large wp-image-4212\" alt=\"\" srcset=\"https:\/\/tmp.krakowskiezaduszkijazzowe.eu\/wp-content\/uploads\/2024\/09\/1200x1200_wieniawa19-1024x1024.jpg 1024w, https:\/\/tmp.krakowskiezaduszkijazzowe.eu\/wp-content\/uploads\/2024\/09\/1200x1200_wieniawa19-300x300.jpg 300w, https:\/\/tmp.krakowskiezaduszkijazzowe.eu\/wp-content\/uploads\/2024\/09\/1200x1200_wieniawa19-150x150.jpg 150w, https:\/\/tmp.krakowskiezaduszkijazzowe.eu\/wp-content\/uploads\/2024\/09\/1200x1200_wieniawa19-768x768.jpg 768w, https:\/\/tmp.krakowskiezaduszkijazzowe.eu\/wp-content\/uploads\/2024\/09\/1200x1200_wieniawa19.jpg 1200w\" sizes=\"(max-width: 1024px) 100vw, 1024px\" \/>\t\t\t\t\t\t\t\t<\/a>\n\t\t\t\t\t\t\t\t\t\t\t\t\t\t\t<\/div>\n\t\t\t\t<\/div>\n\t\t\t\t\t<\/div>\n\t\t<\/div>\n\t\t\t\t\t<\/div>\n\t\t<\/section>\n\t\t\t\t<section class=\"elementor-section elementor-top-section elementor-element elementor-element-afc2d8a elementor-section-boxed elementor-section-height-default elementor-section-height-default\" data-id=\"afc2d8a\" data-element_type=\"section\">\n\t\t\t\t\t\t<div class=\"elementor-container elementor-column-gap-default\">\n\t\t\t\t\t<div class=\"elementor-column elementor-col-50 elementor-top-column elementor-element elementor-element-5d9ba65\" data-id=\"5d9ba65\" data-element_type=\"column\">\n\t\t\t<div class=\"elementor-widget-wrap elementor-element-populated\">\n\t\t\t\t\t\t<div class=\"elementor-element elementor-element-904d820 elementor-widget elementor-widget-heading\" data-id=\"904d820\" data-element_type=\"widget\" data-widget_type=\"heading.default\">\n\t\t\t\t<div class=\"elementor-widget-container\">\n\t\t\t\t\t<h3 class=\"elementor-heading-title elementor-size-large\"><br>\n<br>\n<b>Dzie\u0144 2<br> <\/b>\nCzwartek, 24 pa\u017adziernika<br>\n<br>\n<br>\n<i>\u201eNowa Huta Jazz\"\n<br><\/i>\n \n   <\/h3>\t\t\t\t<\/div>\n\t\t\t\t<\/div>\n\t\t\t\t\t<\/div>\n\t\t<\/div>\n\t\t\t\t<div class=\"elementor-column elementor-col-50 elementor-top-column elementor-element elementor-element-594ca96\" data-id=\"594ca96\" data-element_type=\"column\">\n\t\t\t<div class=\"elementor-widget-wrap elementor-element-populated\">\n\t\t\t\t\t\t<div class=\"elementor-element elementor-element-ff2aece elementor-widget-tablet__width-initial elementor-widget elementor-widget-image\" data-id=\"ff2aece\" data-element_type=\"widget\" data-widget_type=\"image.default\">\n\t\t\t\t<div class=\"elementor-widget-container\">\n\t\t\t\t\t\t\t\t\t\t\t\t\t\t\t\t<a href=\"https:\/\/sklep.ebilet.pl\/446419313063100418\">\n\t\t\t\t\t\t\t<img decoding=\"async\" width=\"1024\" height=\"1024\" src=\"https:\/\/tmp.krakowskiezaduszkijazzowe.eu\/wp-content\/uploads\/2024\/09\/1200x1200_badach19-1024x1024.jpg\" class=\"attachment-large size-large wp-image-4228\" alt=\"\" srcset=\"https:\/\/tmp.krakowskiezaduszkijazzowe.eu\/wp-content\/uploads\/2024\/09\/1200x1200_badach19-1024x1024.jpg 1024w, https:\/\/tmp.krakowskiezaduszkijazzowe.eu\/wp-content\/uploads\/2024\/09\/1200x1200_badach19-300x300.jpg 300w, https:\/\/tmp.krakowskiezaduszkijazzowe.eu\/wp-content\/uploads\/2024\/09\/1200x1200_badach19-150x150.jpg 150w, https:\/\/tmp.krakowskiezaduszkijazzowe.eu\/wp-content\/uploads\/2024\/09\/1200x1200_badach19-768x768.jpg 768w, https:\/\/tmp.krakowskiezaduszkijazzowe.eu\/wp-content\/uploads\/2024\/09\/1200x1200_badach19.jpg 1200w\" sizes=\"(max-width: 1024px) 100vw, 1024px\" \/>\t\t\t\t\t\t\t\t<\/a>\n\t\t\t\t\t\t\t\t\t\t\t\t\t\t\t<\/div>\n\t\t\t\t<\/div>\n\t\t\t\t\t<\/div>\n\t\t<\/div>\n\t\t\t\t\t<\/div>\n\t\t<\/section>\n\t\t\t\t<section class=\"elementor-section elementor-top-section elementor-element elementor-element-2b8b37a elementor-section-boxed elementor-section-height-default elementor-section-height-default\" data-id=\"2b8b37a\" data-element_type=\"section\">\n\t\t\t\t\t\t<div class=\"elementor-container elementor-column-gap-default\">\n\t\t\t\t\t<div class=\"elementor-column elementor-col-50 elementor-top-column elementor-element elementor-element-d276f6d\" data-id=\"d276f6d\" data-element_type=\"column\">\n\t\t\t<div class=\"elementor-widget-wrap elementor-element-populated\">\n\t\t\t\t\t\t<div class=\"elementor-element elementor-element-386b5b8 elementor-widget elementor-widget-heading\" data-id=\"386b5b8\" data-element_type=\"widget\" data-widget_type=\"heading.default\">\n\t\t\t\t<div class=\"elementor-widget-container\">\n\t\t\t\t\t<h3 class=\"elementor-heading-title elementor-size-large\"><br>\n<br>\n<b>Dzie\u0144 3<br> <\/b>\nPi\u0105tek, 25 pa\u017adziernika<br>\n<br>\n<br>\n<i>\u201eZaduszkowa Gwiazda\"\n<br><\/i>\n \n   <\/h3>\t\t\t\t<\/div>\n\t\t\t\t<\/div>\n\t\t\t\t\t<\/div>\n\t\t<\/div>\n\t\t\t\t<div class=\"elementor-column elementor-col-50 elementor-top-column elementor-element elementor-element-e562f41\" data-id=\"e562f41\" data-element_type=\"column\">\n\t\t\t<div class=\"elementor-widget-wrap elementor-element-populated\">\n\t\t\t\t\t\t<div class=\"elementor-element elementor-element-3e599dc elementor-widget-tablet__width-initial elementor-widget elementor-widget-image\" data-id=\"3e599dc\" data-element_type=\"widget\" data-widget_type=\"image.default\">\n\t\t\t\t<div class=\"elementor-widget-container\">\n\t\t\t\t\t\t\t\t\t\t\t\t<figure class=\"wp-caption\">\n\t\t\t\t\t\t\t\t\t\t\t<a href=\"https:\/\/sklep.ebilet.pl\/446419313063100419\">\n\t\t\t\t\t\t\t<img loading=\"lazy\" decoding=\"async\" width=\"1024\" height=\"1024\" src=\"https:\/\/tmp.krakowskiezaduszkijazzowe.eu\/wp-content\/uploads\/2024\/09\/1200x1200_dudziak19-1024x1024.jpg\" class=\"attachment-large size-large wp-image-4229\" alt=\"\" srcset=\"https:\/\/tmp.krakowskiezaduszkijazzowe.eu\/wp-content\/uploads\/2024\/09\/1200x1200_dudziak19-1024x1024.jpg 1024w, https:\/\/tmp.krakowskiezaduszkijazzowe.eu\/wp-content\/uploads\/2024\/09\/1200x1200_dudziak19-300x300.jpg 300w, https:\/\/tmp.krakowskiezaduszkijazzowe.eu\/wp-content\/uploads\/2024\/09\/1200x1200_dudziak19-150x150.jpg 150w, https:\/\/tmp.krakowskiezaduszkijazzowe.eu\/wp-content\/uploads\/2024\/09\/1200x1200_dudziak19-768x768.jpg 768w, https:\/\/tmp.krakowskiezaduszkijazzowe.eu\/wp-content\/uploads\/2024\/09\/1200x1200_dudziak19.jpg 1200w\" sizes=\"(max-width: 1024px) 100vw, 1024px\" \/>\t\t\t\t\t\t\t\t<\/a>\n\t\t\t\t\t\t\t\t\t\t\t<figcaption class=\"widget-image-caption wp-caption-text\"><\/figcaption>\n\t\t\t\t\t\t\t\t\t\t<\/figure>\n\t\t\t\t\t\t\t\t\t<\/div>\n\t\t\t\t<\/div>\n\t\t\t\t\t<\/div>\n\t\t<\/div>\n\t\t\t\t\t<\/div>\n\t\t<\/section>\n\t\t\t\t<section class=\"elementor-section elementor-top-section elementor-element elementor-element-d0d38da elementor-section-boxed elementor-section-height-default elementor-section-height-default\" data-id=\"d0d38da\" data-element_type=\"section\">\n\t\t\t\t\t\t<div class=\"elementor-container elementor-column-gap-default\">\n\t\t\t\t\t<div class=\"elementor-column elementor-col-50 elementor-top-column elementor-element elementor-element-94d196f\" data-id=\"94d196f\" data-element_type=\"column\">\n\t\t\t<div class=\"elementor-widget-wrap elementor-element-populated\">\n\t\t\t\t\t\t<div class=\"elementor-element elementor-element-9445eba elementor-widget elementor-widget-heading\" data-id=\"9445eba\" data-element_type=\"widget\" data-widget_type=\"heading.default\">\n\t\t\t\t<div class=\"elementor-widget-container\">\n\t\t\t\t\t<h3 class=\"elementor-heading-title elementor-size-large\"><br>\n<br>\n<b>Dzie\u0144 4<br> <\/b>\nSobota, 26 pa\u017adziernika<br>\n<br>\n<br>\n<i>\u201eKrakowska Gala Jazzu:\n<br>Wiecz\u00f3r W\u0142odzimierza Nahornego\"\n<br><\/i>\n \n   <\/h3>\t\t\t\t<\/div>\n\t\t\t\t<\/div>\n\t\t\t\t\t<\/div>\n\t\t<\/div>\n\t\t\t\t<div class=\"elementor-column elementor-col-50 elementor-top-column elementor-element elementor-element-da5125b\" data-id=\"da5125b\" data-element_type=\"column\">\n\t\t\t<div class=\"elementor-widget-wrap elementor-element-populated\">\n\t\t\t\t\t\t<div class=\"elementor-element elementor-element-265caa6 elementor-widget-tablet__width-initial elementor-widget elementor-widget-image\" data-id=\"265caa6\" data-element_type=\"widget\" data-widget_type=\"image.default\">\n\t\t\t\t<div class=\"elementor-widget-container\">\n\t\t\t\t\t\t\t\t\t\t\t\t<figure class=\"wp-caption\">\n\t\t\t\t\t\t\t\t\t\t\t<a href=\"https:\/\/sklep.ebilet.pl\/446419313063100420\">\n\t\t\t\t\t\t\t<img loading=\"lazy\" decoding=\"async\" width=\"1200\" height=\"1200\" src=\"https:\/\/tmp.krakowskiezaduszkijazzowe.eu\/wp-content\/uploads\/2024\/08\/1200x1200_sobota.jpg\" class=\"attachment-2048x2048 size-2048x2048 wp-image-3877\" alt=\"\" srcset=\"https:\/\/tmp.krakowskiezaduszkijazzowe.eu\/wp-content\/uploads\/2024\/08\/1200x1200_sobota.jpg 1200w, https:\/\/tmp.krakowskiezaduszkijazzowe.eu\/wp-content\/uploads\/2024\/08\/1200x1200_sobota-300x300.jpg 300w, https:\/\/tmp.krakowskiezaduszkijazzowe.eu\/wp-content\/uploads\/2024\/08\/1200x1200_sobota-1024x1024.jpg 1024w, https:\/\/tmp.krakowskiezaduszkijazzowe.eu\/wp-content\/uploads\/2024\/08\/1200x1200_sobota-150x150.jpg 150w, https:\/\/tmp.krakowskiezaduszkijazzowe.eu\/wp-content\/uploads\/2024\/08\/1200x1200_sobota-768x768.jpg 768w\" sizes=\"(max-width: 1200px) 100vw, 1200px\" \/>\t\t\t\t\t\t\t\t<\/a>\n\t\t\t\t\t\t\t\t\t\t\t<figcaption class=\"widget-image-caption wp-caption-text\"><\/figcaption>\n\t\t\t\t\t\t\t\t\t\t<\/figure>\n\t\t\t\t\t\t\t\t\t<\/div>\n\t\t\t\t<\/div>\n\t\t\t\t\t<\/div>\n\t\t<\/div>\n\t\t\t\t\t<\/div>\n\t\t<\/section>\n\t\t\t\t<section class=\"elementor-section elementor-top-section elementor-element elementor-element-45d9ec9d elementor-section-full_width elementor-section-height-min-height elementor-section-height-default elementor-section-items-middle\" data-id=\"45d9ec9d\" data-element_type=\"section\" data-settings=\"{&quot;background_background&quot;:&quot;classic&quot;}\">\n\t\t\t\t\t\t\t<div class=\"elementor-background-overlay\"><\/div>\n\t\t\t\t\t\t\t<div class=\"elementor-container elementor-column-gap-default\">\n\t\t\t\t\t<div class=\"elementor-column elementor-col-100 elementor-top-column elementor-element elementor-element-e372663\" data-id=\"e372663\" data-element_type=\"column\">\n\t\t\t<div class=\"elementor-widget-wrap elementor-element-populated\">\n\t\t\t\t\t\t<div class=\"elementor-element elementor-element-712c5463 elementor-shape-circle elementor-grid-0 e-grid-align-center elementor-widget elementor-widget-social-icons\" data-id=\"712c5463\" data-element_type=\"widget\" data-widget_type=\"social-icons.default\">\n\t\t\t\t<div class=\"elementor-widget-container\">\n\t\t\t\t\t\t\t<div class=\"elementor-social-icons-wrapper elementor-grid\" role=\"list\">\n\t\t\t\t\t\t\t<span class=\"elementor-grid-item\" role=\"listitem\">\n\t\t\t\t\t<a class=\"elementor-icon elementor-social-icon elementor-social-icon-facebook elementor-animation-shrink elementor-repeater-item-90c9b9b\" href=\"https:\/\/www.facebook.com\/FestiwalKrakowskieZaduszkiJazzowe\" target=\"_blank\">\n\t\t\t\t\t\t<span class=\"elementor-screen-only\">Facebook<\/span>\n\t\t\t\t\t\t<i aria-hidden=\"true\" class=\"fab fa-facebook\"><\/i>\t\t\t\t\t<\/a>\n\t\t\t\t<\/span>\n\t\t\t\t\t\t\t<span class=\"elementor-grid-item\" role=\"listitem\">\n\t\t\t\t\t<a class=\"elementor-icon elementor-social-icon elementor-social-icon-instagram elementor-animation-shrink elementor-repeater-item-979d784\" href=\"https:\/\/www.instagram.com\/krakowskie_zaduszki_jazzowe\/\" target=\"_blank\">\n\t\t\t\t\t\t<span class=\"elementor-screen-only\">Instagram<\/span>\n\t\t\t\t\t\t<i aria-hidden=\"true\" class=\"fab fa-instagram\"><\/i>\t\t\t\t\t<\/a>\n\t\t\t\t<\/span>\n\t\t\t\t\t<\/div>\n\t\t\t\t\t\t<\/div>\n\t\t\t\t<\/div>\n\t\t\t\t\t<\/div>\n\t\t<\/div>\n\t\t\t\t\t<\/div>\n\t\t<\/section>\n\t\t\t\t<\/div>\n\t\t","protected":false},"excerpt":{"rendered":"<p>BILETY BILETY DOST\u0118PNE W SPRZEDA\u017bY NA EBILET.PL Dzie\u0144 1 \u015aroda, 23 pa\u017adziernika \u201eOgrody Jazzu na Podg\u00f3rzu&#8221; Dzie\u0144 2 Czwartek, 24 pa\u017adziernika \u201eNowa Huta Jazz&#8221; Dzie\u0144 3 Pi\u0105tek, 25 pa\u017adziernika \u201eZaduszkowa Gwiazda&#8221; Dzie\u0144 4 Sobota, 26 pa\u017adziernika \u201eKrakowska Gala Jazzu: Wiecz\u00f3r W\u0142odzimierza Nahornego&#8221; Facebook Instagram<\/p>\n","protected":false},"author":1,"featured_media":0,"parent":0,"menu_order":0,"comment_status":"closed","ping_status":"closed","template":"page-templates\/template-pagebuilder-full-width.php","meta":{"neve_meta_sidebar":"","neve_meta_container":"","neve_meta_enable_content_width":"","neve_meta_content_width":70,"neve_meta_title_alignment":"","neve_meta_author_avatar":"","neve_post_elements_order":"","neve_meta_disable_header":"","neve_meta_disable_footer":"","neve_meta_disable_title":"","footnotes":""},"class_list":["post-1435","page","type-page","status-publish","hentry"],"_links":{"self":[{"href":"https:\/\/tmp.krakowskiezaduszkijazzowe.eu\/index.php?rest_route=\/wp\/v2\/pages\/1435","targetHints":{"allow":["GET"]}}],"collection":[{"href":"https:\/\/tmp.krakowskiezaduszkijazzowe.eu\/index.php?rest_route=\/wp\/v2\/pages"}],"about":[{"href":"https:\/\/tmp.krakowskiezaduszkijazzowe.eu\/index.php?rest_route=\/wp\/v2\/types\/page"}],"author":[{"embeddable":true,"href":"https:\/\/tmp.krakowskiezaduszkijazzowe.eu\/index.php?rest_route=\/wp\/v2\/users\/1"}],"replies":[{"embeddable":true,"href":"https:\/\/tmp.krakowskiezaduszkijazzowe.eu\/index.php?rest_route=%2Fwp%2Fv2%2Fcomments&post=1435"}],"version-history":[{"count":197,"href":"https:\/\/tmp.krakowskiezaduszkijazzowe.eu\/index.php?rest_route=\/wp\/v2\/pages\/1435\/revisions"}],"predecessor-version":[{"id":4763,"href":"https:\/\/tmp.krakowskiezaduszkijazzowe.eu\/index.php?rest_route=\/wp\/v2\/pages\/1435\/revisions\/4763"}],"wp:attachment":[{"href":"https:\/\/tmp.krakowskiezaduszkijazzowe.eu\/index.php?rest_route=%2Fwp%2Fv2%2Fmedia&parent=1435"}],"curies":[{"name":"wp","href":"https:\/\/api.w.org\/{rel}","templated":true}]}}